{"id":289,"date":"2026-03-16T09:59:14","date_gmt":"2026-03-16T09:59:14","guid":{"rendered":"https:\/\/www.littlebigwonderkennel.com\/?page_id=289"},"modified":"2026-03-18T16:05:32","modified_gmt":"2026-03-18T16:05:32","slug":"contactos","status":"publish","type":"page","link":"https:\/\/www.littlebigwonderkennel.com\/en\/contactos\/","title":{"rendered":"Contacts"},"content":{"rendered":"\t\t<div data-elementor-type=\"wp-page\" data-elementor-id=\"289\" class=\"elementor elementor-289\" data-elementor-post-type=\"page\">\n\t\t\t\t<div class=\"elementor-element elementor-element-3ddb22f e-flex e-con-boxed e-con e-parent\" data-id=\"3ddb22f\" data-element_type=\"container\" data-e-type=\"container\" data-settings=\"{&quot;background_background&quot;:&quot;classic&quot;,&quot;shape_divider_bottom&quot;:&quot;waves&quot;,&quot;shape_divider_bottom_negative&quot;:&quot;yes&quot;}\">\n\t\t\t\t\t<div class=\"e-con-inner\">\n\t\t\t\t<div class=\"elementor-shape elementor-shape-bottom\" aria-hidden=\"true\" data-negative=\"true\">\n\t\t\t<svg xmlns=\"http:\/\/www.w3.org\/2000\/svg\" viewBox=\"0 0 1000 100\" preserveAspectRatio=\"none\">\n\t<path class=\"elementor-shape-fill\" d=\"M790.5,93.1c-59.3-5.3-116.8-18-192.6-50c-29.6-12.7-76.9-31-100.5-35.9c-23.6-4.9-52.6-7.8-75.5-5.3\n\tc-10.2,1.1-22.6,1.4-50.1,7.4c-27.2,6.3-58.2,16.6-79.4,24.7c-41.3,15.9-94.9,21.9-134,22.6C72,58.2,0,25.8,0,25.8V100h1000V65.3\n\tc0,0-51.5,19.4-106.2,25.7C839.5,97,814.1,95.2,790.5,93.1z\"\/>\n<\/svg>\t\t<\/div>\n\t\t\t\t<div class=\"elementor-element elementor-element-c73f73a elementor-widget elementor-widget-heading\" data-id=\"c73f73a\" data-element_type=\"widget\" data-e-type=\"widget\" data-widget_type=\"heading.default\">\n\t\t\t\t\t<h1 class=\"elementor-heading-title elementor-size-default\">Contactos<\/h1>\t\t\t\t<\/div>\n\t\t\t\t\t<\/div>\n\t\t\t\t<\/div>\n\t\t<div class=\"elementor-element elementor-element-c9ae824 e-flex e-con-boxed e-con e-parent\" data-id=\"c9ae824\" data-element_type=\"container\" data-e-type=\"container\">\n\t\t\t\t\t<div class=\"e-con-inner\">\n\t\t<div class=\"elementor-element elementor-element-865ec13 e-con-full e-flex e-con e-child\" data-id=\"865ec13\" data-element_type=\"container\" data-e-type=\"container\">\n\t\t<div class=\"elementor-element elementor-element-782efbf e-con-full e-flex elementor-invisible e-con e-child\" data-id=\"782efbf\" data-element_type=\"container\" data-e-type=\"container\" data-settings=\"{&quot;background_background&quot;:&quot;classic&quot;,&quot;animation&quot;:&quot;fadeInUp&quot;}\">\n\t\t\t\t<div class=\"elementor-element elementor-element-3e2727c elementor-widget elementor-widget-heading\" data-id=\"3e2727c\" data-element_type=\"widget\" data-e-type=\"widget\" data-widget_type=\"heading.default\">\n\t\t\t\t\t<h2 class=\"elementor-heading-title elementor-size-default\">Quer falar connosco?<br>Estamos aqui para ajudar.<\/h2>\t\t\t\t<\/div>\n\t\t\t\t<div class=\"elementor-element elementor-element-0a9177f elementor-widget elementor-widget-text-editor\" data-id=\"0a9177f\" data-element_type=\"widget\" data-e-type=\"widget\" data-widget_type=\"text-editor.default\">\n\t\t\t\t\t\t\t\t\t<p>Na Little Big Wonder, acreditamos que cada grande encontro come\u00e7a com uma liga\u00e7\u00e3o pessoal. Gostar\u00edamos de conhecer um pouco mais sobre si, o seu estilo de vida e aquilo que procura, para podermos ajud\u00e1-lo(a) a encontrar o companheiro ideal.<\/p><p>Estamos dispon\u00edveis para esclarecer quaisquer d\u00favidas sobre as nossas ra\u00e7as, beb\u00e9s dispon\u00edveis ou sobre o nosso programa de cria\u00e7\u00e3o.<\/p><p>Preencha o nosso formul\u00e1rio de contacto ou, se preferir, utilize os nossos contactos diretos.<\/p><p><strong>deboracosta@littlebigwonderkennel.com<\/strong><br \/><strong>+925 395 613<\/strong><br \/>Valen\u00e7a do Minho \u2013 Viana do Castelo, Portugal<\/p>\t\t\t\t\t\t\t\t<\/div>\n\t\t\t\t<\/div>\n\t\t\t\t<\/div>\n\t\t<div class=\"elementor-element elementor-element-9a37519 e-con-full e-flex e-con e-child\" data-id=\"9a37519\" data-element_type=\"container\" data-e-type=\"container\">\n\t\t<div class=\"elementor-element elementor-element-ed7f6ba e-con-full e-flex elementor-invisible e-con e-child\" data-id=\"ed7f6ba\" data-element_type=\"container\" data-e-type=\"container\" data-settings=\"{&quot;background_background&quot;:&quot;classic&quot;,&quot;animation&quot;:&quot;fadeIn&quot;}\">\n\t\t\t\t<div class=\"elementor-element elementor-element-3ee669a elementor-widget elementor-widget-wpforms\" data-id=\"3ee669a\" data-element_type=\"widget\" data-e-type=\"widget\" data-widget_type=\"wpforms.default\">\n\t\t\t\t<div class=\"elementor-widget-container\">\n\t\t\t\t\t<style id=\"wpforms-css-vars-elementor-widget-3ee669a\">\n\t\t\t\t.elementor-widget-wpforms.elementor-element-3ee669a {\n\t\t\t\t--wpforms-field-border-style: none;\n--wpforms-field-border-radius: 10px;\n--wpforms-field-border-color: #F1E8DF;\n--wpforms-field-border-color-spare: #F1E8DF;\n--wpforms-field-text-color: #333333;\n--wpforms-label-color: #75348E;\n--wpforms-label-sublabel-color: #333333;\n--wpforms-button-border-radius: 250px;\n--wpforms-button-background-color: #75348E;\n--wpforms-page-break-color: #75348E;\n--wpforms-field-border-size: 0px;\n\t\t\t}\n\t\t\t<\/style><div class=\"wpforms-container wpforms-container-full wpforms-render-modern\" id=\"wpforms-286\"><form id=\"wpforms-form-286\" class=\"wpforms-validate wpforms-form wpforms-ajax-form\" data-formid=\"286\" method=\"post\" enctype=\"multipart\/form-data\" action=\"\/en\/wp-json\/wp\/v2\/pages\/289\" data-token=\"76d859b812966fee85b12ee26c3c802c\" data-token-time=\"1776544116\"><noscript class=\"wpforms-error-noscript\">Please enable JavaScript in your browser to complete this form.<\/noscript><div id=\"wpforms-error-noscript\" style=\"display: none;\">Please enable JavaScript in your browser to complete this form.<\/div><div class=\"wpforms-field-container\"><div id=\"wpforms-286-field_4-container\" class=\"wpforms-field wpforms-field-text\" data-field-id=\"4\"><label class=\"wpforms-field-label\" for=\"wpforms-286-field_4\">Nome <span class=\"wpforms-required-label\" aria-hidden=\"true\">*<\/span><\/label><input type=\"text\" id=\"wpforms-286-field_4\" class=\"wpforms-field-large wpforms-field-required\" name=\"wpforms[fields][4]\" aria-errormessage=\"wpforms-286-field_4-error\" required><\/div>\t\t<div id=\"wpforms-286-field_1-container\"\n\t\t\tclass=\"wpforms-field wpforms-field-text\"\n\t\t\tdata-field-type=\"text\"\n\t\t\tdata-field-id=\"1\"\n\t\t\t>\n\t\t\t<label class=\"wpforms-field-label\" for=\"wpforms-286-field_1\" >Mensagem Nome Email<\/label>\n\t\t\t<input type=\"text\" id=\"wpforms-286-field_1\" class=\"wpforms-field-medium\" name=\"wpforms[fields][1]\" >\n\t\t<\/div>\n\t\t<div id=\"wpforms-286-field_2-container\" class=\"wpforms-field wpforms-field-email\" data-field-id=\"2\"><label class=\"wpforms-field-label\" for=\"wpforms-286-field_2\">Email <span class=\"wpforms-required-label\" aria-hidden=\"true\">*<\/span><\/label><input type=\"email\" id=\"wpforms-286-field_2\" class=\"wpforms-field-large wpforms-field-required\" name=\"wpforms[fields][2]\" spellcheck=\"false\" aria-errormessage=\"wpforms-286-field_2-error\" required><\/div><div id=\"wpforms-286-field_5-container\" class=\"wpforms-field wpforms-field-text\" data-field-id=\"5\"><label class=\"wpforms-field-label\" for=\"wpforms-286-field_5\">Telefone<\/label><input type=\"text\" id=\"wpforms-286-field_5\" class=\"wpforms-field-large\" name=\"wpforms[fields][5]\" aria-errormessage=\"wpforms-286-field_5-error\" ><\/div><div id=\"wpforms-286-field_3-container\" class=\"wpforms-field wpforms-field-textarea\" data-field-id=\"3\"><label class=\"wpforms-field-label\" for=\"wpforms-286-field_3\">Mensagem <span class=\"wpforms-required-label\" aria-hidden=\"true\">*<\/span><\/label><textarea id=\"wpforms-286-field_3\" class=\"wpforms-field-medium wpforms-field-required\" name=\"wpforms[fields][3]\" aria-errormessage=\"wpforms-286-field_3-error\" required><\/textarea><\/div><div id=\"wpforms-286-field_6-container\" class=\"wpforms-field wpforms-field-checkbox\" data-field-id=\"6\"><fieldset><legend class=\"wpforms-field-label wpforms-label-hide\" aria-hidden=\"false\">Checkboxes <span class=\"wpforms-required-label\" aria-hidden=\"true\">*<\/span><\/legend><ul id=\"wpforms-286-field_6\" class=\"wpforms-field-required\"><li class=\"choice-1 depth-1 wpforms-selected\"><input type=\"checkbox\" id=\"wpforms-286-field_6_1\" name=\"wpforms[fields][6][]\" value=\"Confirmo que li e concordo com a Pol\u00edtica de Privacidade.\" aria-errormessage=\"wpforms-286-field_6_1-error\" required  checked='checked'><label class=\"wpforms-field-label-inline\" for=\"wpforms-286-field_6_1\">Confirmo que li e concordo com a Pol\u00edtica de Privacidade.<\/label><\/li><\/ul><\/fieldset><\/div><script>\n\t\t\t\t( function() {\n\t\t\t\t\tconst style = document.createElement( 'style' );\n\t\t\t\t\tstyle.appendChild( document.createTextNode( '#wpforms-286-field_1-container { position: absolute !important; overflow: hidden !important; display: inline !important; height: 1px !important; width: 1px !important; z-index: -1000 !important; padding: 0 !important; } #wpforms-286-field_1-container input { visibility: hidden; } #wpforms-conversational-form-page #wpforms-286-field_1-container label { counter-increment: none; }' ) );\n\t\t\t\t\tdocument.head.appendChild( style );\n\t\t\t\t\tdocument.currentScript?.remove();\n\t\t\t\t} )();\n\t\t\t<\/script><\/div><!-- .wpforms-field-container --><div class=\"wpforms-submit-container\" ><input type=\"hidden\" name=\"wpforms[id]\" value=\"286\"><input type=\"hidden\" name=\"page_title\" value=\"\"><input type=\"hidden\" name=\"page_url\" value=\"https:\/\/www.littlebigwonderkennel.com\/en\/wp-json\/wp\/v2\/pages\/289\"><input type=\"hidden\" name=\"url_referer\" value=\"\"><button type=\"submit\" name=\"wpforms[submit]\" id=\"wpforms-submit-286\" class=\"wpforms-submit\" data-alt-text=\"A enviar mensagem...\" data-submit-text=\"Enviar\" aria-live=\"assertive\" value=\"wpforms-submit\">Enviar<\/button><img decoding=\"async\" src=\"https:\/\/www.littlebigwonderkennel.com\/wp-content\/plugins\/wpforms-lite\/assets\/images\/submit-spin.svg\" class=\"wpforms-submit-spinner\" style=\"display: none;\" width=\"26\" height=\"26\" alt=\"Loading\"><\/div><\/form><\/div>  <!-- .wpforms-container -->\t\t\t\t<\/div>\n\t\t\t\t<\/div>\n\t\t\t\t<\/div>\n\t\t\t\t<\/div>\n\t\t\t\t\t<\/div>\n\t\t\t\t<\/div>\n\t\t\t\t<\/div>\n\t\t","protected":false},"excerpt":{"rendered":"<p>Contactos Quer falar connosco?Estamos aqui para ajudar. Na Little Big Wonder, acreditamos que cada grande encontro come\u00e7a com uma liga\u00e7\u00e3o pessoal. Gostar\u00edamos de conhecer um pouco mais sobre si, o seu estilo de vida e aquilo que procura, para podermos ajud\u00e1-lo(a) a encontrar o companheiro ideal. Estamos dispon\u00edveis para esclarecer quaisquer d\u00favidas sobre as nossas [&hellip;]<\/p>\n","protected":false},"author":1,"featured_media":0,"parent":0,"menu_order":0,"comment_status":"closed","ping_status":"closed","template":"","meta":{"footnotes":""},"class_list":["post-289","page","type-page","status-publish","hentry"],"_links":{"self":[{"href":"https:\/\/www.littlebigwonderkennel.com\/en\/wp-json\/wp\/v2\/pages\/289","targetHints":{"allow":["GET"]}}],"collection":[{"href":"https:\/\/www.littlebigwonderkennel.com\/en\/wp-json\/wp\/v2\/pages"}],"about":[{"href":"https:\/\/www.littlebigwonderkennel.com\/en\/wp-json\/wp\/v2\/types\/page"}],"author":[{"embeddable":true,"href":"https:\/\/www.littlebigwonderkennel.com\/en\/wp-json\/wp\/v2\/users\/1"}],"replies":[{"embeddable":true,"href":"https:\/\/www.littlebigwonderkennel.com\/en\/wp-json\/wp\/v2\/comments?post=289"}],"version-history":[{"count":28,"href":"https:\/\/www.littlebigwonderkennel.com\/en\/wp-json\/wp\/v2\/pages\/289\/revisions"}],"predecessor-version":[{"id":529,"href":"https:\/\/www.littlebigwonderkennel.com\/en\/wp-json\/wp\/v2\/pages\/289\/revisions\/529"}],"wp:attachment":[{"href":"https:\/\/www.littlebigwonderkennel.com\/en\/wp-json\/wp\/v2\/media?parent=289"}],"curies":[{"name":"wp","href":"https:\/\/api.w.org\/{rel}","templated":true}]}}