{"id":412,"date":"2026-03-16T16:22:53","date_gmt":"2026-03-16T16:22:53","guid":{"rendered":"https:\/\/www.littlebigwonderkennel.com\/?page_id=412"},"modified":"2026-03-18T16:06:55","modified_gmt":"2026-03-18T16:06:55","slug":"sobre-nos","status":"publish","type":"page","link":"https:\/\/www.littlebigwonderkennel.com\/en\/sobre-nos\/","title":{"rendered":"About us"},"content":{"rendered":"<div data-elementor-type=\"wp-page\" data-elementor-id=\"412\" class=\"elementor elementor-412\" data-elementor-post-type=\"page\">\n\t\t\t\t<div class=\"elementor-element elementor-element-a407982 e-flex e-con-boxed e-con e-parent\" data-id=\"a407982\" data-element_type=\"container\" data-e-type=\"container\" data-settings=\"{&quot;background_background&quot;:&quot;classic&quot;,&quot;shape_divider_bottom&quot;:&quot;waves&quot;,&quot;shape_divider_bottom_negative&quot;:&quot;yes&quot;}\">\n\t\t\t\t\t<div class=\"e-con-inner\">\n\t\t\t\t<div class=\"elementor-shape elementor-shape-bottom\" aria-hidden=\"true\" data-negative=\"true\">\n\t\t\t<svg xmlns=\"http:\/\/www.w3.org\/2000\/svg\" viewbox=\"0 0 1000 100\" preserveaspectratio=\"none\">\n\t<path class=\"elementor-shape-fill\" d=\"M790.5,93.1c-59.3-5.3-116.8-18-192.6-50c-29.6-12.7-76.9-31-100.5-35.9c-23.6-4.9-52.6-7.8-75.5-5.3\tc-10.2,1.1-22.6,1.4-50.1,7.4c-27.2,6.3-58.2,16.6-79.4,24.7c-41.3,15.9-94.9,21.9-134,22.6C72,58.2,0,25.8,0,25.8V100h1000V65.3\tc0,0-51.5,19.4-106.2,25.7C839.5,97,814.1,95.2,790.5,93.1z\"\/>\n<\/svg>\t\t<\/div>\n\t\t\t\t<div class=\"elementor-element elementor-element-fc5a134 elementor-widget elementor-widget-heading\" data-id=\"fc5a134\" data-element_type=\"widget\" data-e-type=\"widget\" data-widget_type=\"heading.default\">\n\t\t\t\t\t<h1 class=\"elementor-heading-title elementor-size-default\">Little Big Wonder<\/h1>\t\t\t\t<\/div>\n\t\t\t\t\t<\/div>\n\t\t\t\t<\/div>\n\t\t<div class=\"elementor-element elementor-element-28e4103 e-flex e-con-boxed e-con e-parent\" data-id=\"28e4103\" data-element_type=\"container\" data-e-type=\"container\" data-settings=\"{&quot;animation&quot;:&quot;none&quot;}\">\n\t\t\t\t\t<div class=\"e-con-inner\">\n\t\t<div class=\"elementor-element elementor-element-b0130ef e-con-full e-flex e-con e-child\" data-id=\"b0130ef\" data-element_type=\"container\" data-e-type=\"container\">\n\t\t\t\t<div class=\"elementor-element elementor-element-a974d33 elementor-invisible elementor-widget elementor-widget-heading\" data-id=\"a974d33\" data-element_type=\"widget\" data-e-type=\"widget\" data-settings=\"{&quot;_animation&quot;:&quot;fadeInDown&quot;}\" data-widget_type=\"heading.default\">\n\t\t\t\t\t<h1 class=\"elementor-heading-title elementor-size-default\">Passionate breeders<\/h1>\t\t\t\t<\/div>\n\t\t\t\t<\/div>\n\t\t\t\t\t<\/div>\n\t\t\t\t<\/div>\n\t\t<div class=\"elementor-element elementor-element-a4d15e2 e-flex e-con-boxed e-con e-parent\" data-id=\"a4d15e2\" data-element_type=\"container\" data-e-type=\"container\">\n\t\t\t\t\t<div class=\"e-con-inner\">\n\t\t<div class=\"elementor-element elementor-element-2a570c2 e-con-full e-flex e-con e-child\" data-id=\"2a570c2\" data-element_type=\"container\" data-e-type=\"container\">\n\t\t\t\t<div class=\"elementor-element elementor-element-96ca93b elementor-invisible elementor-widget elementor-widget-text-editor\" data-id=\"96ca93b\" data-element_type=\"widget\" data-e-type=\"widget\" data-settings=\"{&quot;_animation&quot;:&quot;fadeInUp&quot;}\" data-widget_type=\"text-editor.default\">\n\t\t\t\t\t\t\t\t\t<p>At Little Big Wonder, we are passionate breeders of Chihuahuas and Poodles. With over 10 years of experience, we work with integrity, responsibility, and respect\u2014values that guide every stage of our breeding programme.<br \/>For us, the health, temperament, and balance of our dogs are the foundation of everything.<\/p><p><strong>We are licensed breeders under registration number PT1286 and members of the Portuguese Kennel Club.<\/strong><\/p>\t\t\t\t\t\t\t\t<\/div>\n\t\t\t\t<\/div>\n\t\t<div class=\"elementor-element elementor-element-8859b24 e-con-full e-flex e-con e-child\" data-id=\"8859b24\" data-element_type=\"container\" data-e-type=\"container\">\n\t\t\t\t<div class=\"elementor-element elementor-element-e52b951 elementor-invisible elementor-widget elementor-widget-image\" data-id=\"e52b951\" data-element_type=\"widget\" data-e-type=\"widget\" data-settings=\"{&quot;_animation&quot;:&quot;fadeIn&quot;}\" data-widget_type=\"image.default\">\n\t\t\t\t\t\t\t\t\t\t\t\t\t\t\t<img fetchpriority=\"high\" decoding=\"async\" width=\"2560\" height=\"1829\" src=\"https:\/\/www.littlebigwonderkennel.com\/wp-content\/uploads\/2026\/03\/img_lbw_001-scaled.webp\" class=\"attachment-full size-full wp-image-423\" alt=\"Little Big Wonder\" srcset=\"https:\/\/www.littlebigwonderkennel.com\/wp-content\/uploads\/2026\/03\/img_lbw_001-scaled.webp 2560w, https:\/\/www.littlebigwonderkennel.com\/wp-content\/uploads\/2026\/03\/img_lbw_001-300x214.webp 300w, https:\/\/www.littlebigwonderkennel.com\/wp-content\/uploads\/2026\/03\/img_lbw_001-1024x732.webp 1024w, https:\/\/www.littlebigwonderkennel.com\/wp-content\/uploads\/2026\/03\/img_lbw_001-768x549.webp 768w, https:\/\/www.littlebigwonderkennel.com\/wp-content\/uploads\/2026\/03\/img_lbw_001-1536x1097.webp 1536w, https:\/\/www.littlebigwonderkennel.com\/wp-content\/uploads\/2026\/03\/img_lbw_001-2048x1463.webp 2048w\" sizes=\"(max-width: 2560px) 100vw, 2560px\" \/>\t\t\t\t\t\t\t\t\t\t\t\t\t\t\t<\/div>\n\t\t\t\t<\/div>\n\t\t\t\t\t<\/div>\n\t\t\t\t<\/div>\n\t\t<div class=\"elementor-element elementor-element-8095d38 e-flex e-con-boxed e-con e-parent\" data-id=\"8095d38\" data-element_type=\"container\" data-e-type=\"container\">\n\t\t\t\t\t<div class=\"e-con-inner\">\n\t\t<div class=\"elementor-element elementor-element-62aee71 e-con-full e-flex e-con e-child\" data-id=\"62aee71\" data-element_type=\"container\" data-e-type=\"container\">\n\t\t\t\t<div class=\"elementor-element elementor-element-585dc00 elementor-invisible elementor-widget elementor-widget-heading\" data-id=\"585dc00\" data-element_type=\"widget\" data-e-type=\"widget\" data-settings=\"{&quot;_animation&quot;:&quot;fadeInDown&quot;}\" data-widget_type=\"heading.default\">\n\t\t\t\t\t<h1 class=\"elementor-heading-title elementor-size-default\">Breeding philosophy<\/h1>\t\t\t\t<\/div>\n\t\t\t\t<\/div>\n\t\t\t\t\t<\/div>\n\t\t\t\t<\/div>\n\t\t<div class=\"elementor-element elementor-element-06be98d e-flex e-con-boxed e-con e-parent\" data-id=\"06be98d\" data-element_type=\"container\" data-e-type=\"container\">\n\t\t\t\t\t<div class=\"e-con-inner\">\n\t\t<div class=\"elementor-element elementor-element-65d01a4 e-con-full e-flex e-con e-child\" data-id=\"65d01a4\" data-element_type=\"container\" data-e-type=\"container\">\n\t\t\t\t<div class=\"elementor-element elementor-element-b85339c elementor-invisible elementor-widget elementor-widget-image\" data-id=\"b85339c\" data-element_type=\"widget\" data-e-type=\"widget\" data-settings=\"{&quot;_animation&quot;:&quot;fadeIn&quot;}\" data-widget_type=\"image.default\">\n\t\t\t\t\t\t\t\t\t\t\t\t\t\t\t<img decoding=\"async\" width=\"1857\" height=\"1337\" src=\"https:\/\/www.littlebigwonderkennel.com\/wp-content\/uploads\/2026\/03\/little_big_wonder_dogs.webp\" class=\"attachment-full size-full wp-image-250\" alt=\"Little Big Wonder\" srcset=\"https:\/\/www.littlebigwonderkennel.com\/wp-content\/uploads\/2026\/03\/little_big_wonder_dogs.webp 1857w, https:\/\/www.littlebigwonderkennel.com\/wp-content\/uploads\/2026\/03\/little_big_wonder_dogs-300x216.webp 300w, https:\/\/www.littlebigwonderkennel.com\/wp-content\/uploads\/2026\/03\/little_big_wonder_dogs-1024x737.webp 1024w, https:\/\/www.littlebigwonderkennel.com\/wp-content\/uploads\/2026\/03\/little_big_wonder_dogs-768x553.webp 768w, https:\/\/www.littlebigwonderkennel.com\/wp-content\/uploads\/2026\/03\/little_big_wonder_dogs-1536x1106.webp 1536w\" sizes=\"(max-width: 1857px) 100vw, 1857px\" \/>\t\t\t\t\t\t\t\t\t\t\t\t\t\t\t<\/div>\n\t\t\t\t<\/div>\n\t\t<div class=\"elementor-element elementor-element-363aa03 e-con-full e-flex e-con e-child\" data-id=\"363aa03\" data-element_type=\"container\" data-e-type=\"container\">\n\t\t\t\t<div class=\"elementor-element elementor-element-fbbfe04 elementor-invisible elementor-widget elementor-widget-text-editor\" data-id=\"fbbfe04\" data-element_type=\"widget\" data-e-type=\"widget\" data-settings=\"{&quot;_animation&quot;:&quot;fadeInUp&quot;}\" data-widget_type=\"text-editor.default\">\n\t\t\t\t\t\t\t\t\t<p>We breed ethically and conscientiously. Our dogs live with us, have access to the garden, play, socialise, and are part of the family\u2014before being breeding dogs, they are and always will be family companions.<\/p><p>We believe that a happy dog produces well-balanced, healthy, and confident puppies. All our dogs are genetically tested for breed-specific diseases and are clear.<\/p>\t\t\t\t\t\t\t\t<\/div>\n\t\t\t\t<\/div>\n\t\t\t\t\t<\/div>\n\t\t\t\t<\/div>\n\t\t\t\t<\/div>","protected":false},"excerpt":{"rendered":"<p>Little Big Wonder Criadores apaixonados No Little Big Wonder, somos criadores apaixonados de Chihuahuas e Poodles. Com mais de 10 anos de experi\u00eancia, trabalhamos com integridade, responsabilidade e respeito, valores que guiam cada etapa da nossa cria\u00e7\u00e3o.Para n\u00f3s, a sa\u00fade, o temperamento e o equil\u00edbrio dos nossos c\u00e3es s\u00e3o a base de tudo. Somos criadores [&hellip;]<\/p>\n","protected":false},"author":1,"featured_media":0,"parent":0,"menu_order":0,"comment_status":"closed","ping_status":"closed","template":"","meta":{"footnotes":""},"class_list":["post-412","page","type-page","status-publish","hentry"],"_links":{"self":[{"href":"https:\/\/www.littlebigwonderkennel.com\/en\/wp-json\/wp\/v2\/pages\/412","targetHints":{"allow":["GET"]}}],"collection":[{"href":"https:\/\/www.littlebigwonderkennel.com\/en\/wp-json\/wp\/v2\/pages"}],"about":[{"href":"https:\/\/www.littlebigwonderkennel.com\/en\/wp-json\/wp\/v2\/types\/page"}],"author":[{"embeddable":true,"href":"https:\/\/www.littlebigwonderkennel.com\/en\/wp-json\/wp\/v2\/users\/1"}],"replies":[{"embeddable":true,"href":"https:\/\/www.littlebigwonderkennel.com\/en\/wp-json\/wp\/v2\/comments?post=412"}],"version-history":[{"count":19,"href":"https:\/\/www.littlebigwonderkennel.com\/en\/wp-json\/wp\/v2\/pages\/412\/revisions"}],"predecessor-version":[{"id":532,"href":"https:\/\/www.littlebigwonderkennel.com\/en\/wp-json\/wp\/v2\/pages\/412\/revisions\/532"}],"wp:attachment":[{"href":"https:\/\/www.littlebigwonderkennel.com\/en\/wp-json\/wp\/v2\/media?parent=412"}],"curies":[{"name":"wp","href":"https:\/\/api.w.org\/{rel}","templated":true}]}}